{"id":6580,"date":"2024-01-29T13:35:40","date_gmt":"2024-01-29T12:35:40","guid":{"rendered":"https:\/\/littlegreenplanet.nl\/?post_type=product&#038;p=6580"},"modified":"2026-01-01T12:17:09","modified_gmt":"2026-01-01T11:17:09","slug":"kaart-er-is-er-een-jarig-printable","status":"publish","type":"product","link":"https:\/\/littlegreenplanet.nl\/en\/product\/kaart-er-is-er-een-jarig-printable\/","title":{"rendered":"Kaart &#8211; Er is er \u00e9\u00e9n jarig &#8211; Printable"},"content":{"rendered":"<h2>Er is er \u00e9\u00e9n jarig kaart<\/h2>\n<p>Deze zwart-wit kaart kun je zelf zo vaak als je wilt, uitprinten!<br \/>\nZo heb je altijd een verjaardagskaart in huis om te versturen of te geven!<\/p>\n<h3>Printable verjaardagskaart<\/h3>\n<p>Na betaling ontvang je meteen een mail met daarin een link om de PDF printable te downloaden (je ontvangt dus\u00a0<strong>not<\/strong>\u00a0receive a physical product).<\/p>\n<p>Je kunt 2 PDF-documenten downloaden; een A6 formaat printable voor als je A6 papier in huis hebt en een A4 formaat printable welke\u00a0bestaat uit 2 A4 pagina\u2019s. Op de eerste pagina staat de kaart 2 keer (enkele kaarten) en op de tweede pagina staat \u00e9\u00e9n kaart (dubbele gevouwen kaart).<br \/>\nDe enkele kaart en gevouwen kaart hebben een A6 formaat (10,5 bij 14,8 cm).<\/p>\n<h3>Traktatie kaart<\/h3>\n<p>De kaart is ook perfect te gebruiken als traktatie kaart; print de kaarten uit, stop ze in een doorzichtig traktatie zakje met wat lekkers en evt confetti en een uitdeelcadeautje en klaar is je traktatie!<\/p>","protected":false},"excerpt":{"rendered":"<p>Deze zwart-wit kaart kun je zelf zo vaak als je wilt, uitprinten!<br \/>\nZo heb je altijd een verjaardagskaart in huis om te versturen of te geven!<\/p>\n<p>Na betaling ontvang je meteen een mail met daarin een link om de PDF printable te downloaden (je ontvangt dus\u00a0<strong>not<\/strong>\u00a0receive a physical product).<\/p>\n<p>Je kunt 2 PDF-documenten downloaden; een A6 formaat printable voor als je A6 papier in huis hebt en een A4 formaat printable welke\u00a0bestaat uit 2 A4 pagina\u2019s. Op de eerste pagina staat de kaart 2 keer (enkele kaarten) en op de tweede pagina staat \u00e9\u00e9n kaart (dubbele gevouwen kaart).<br \/>\nDe enkele kaart en gevouwen kaart hebben een A6 formaat (10,5 bij 14,8 cm).<\/p>\n<p>De kaart is ook perfect te gebruiken als traktatie kaart; print de kaarten uit, stop ze in een doorzichtig traktatie zakje met wat lekkers en evt confetti en een uitdeelcadeautje en klaar is je traktatie!<\/p>","protected":false},"featured_media":6581,"comment_status":"open","ping_status":"closed","template":"","meta":[],"product_brand":[],"product_cat":[97,67,80,27,208,450],"product_tag":[],"class_list":{"0":"post-6580","1":"product","2":"type-product","3":"status-publish","4":"has-post-thumbnail","6":"product_cat-printables","7":"product_cat-traktaties","8":"product_cat-verjaardagskaarten","9":"product_cat-wenskaarten","10":"product_cat-wenskaarten-voor-papa-mama","11":"product_cat-wenskaarten-en-decoratiekaarten","12":"product_shipping_class-printable","14":"first","15":"instock","16":"downloadable","17":"shipping-taxable","18":"purchasable","19":"product-type-simple"},"yoast_head":"<!-- This site is optimized with the Yoast SEO plugin v27.3 - https:\/\/yoast.com\/product\/yoast-seo-wordpress\/ -->\n<title>Kaart - Er is er \u00e9\u00e9n jarig - Printable - Little green planet<\/title>\n<meta name=\"description\" content=\"Kaart - Er is er \u00e9\u00e9n jarig - Printable. Er is er \u00e9\u00e9n jarig kaart. Zwart-wit kaart. Printable verjaardagskaart. Enkele kaart en gevouwen kaart. Traktatie kaart.\" \/>\n<meta name=\"robots\" content=\"index, follow, max-snippet:-1, max-image-preview:large, max-video-preview:-1\" \/>\n<link rel=\"canonical\" href=\"https:\/\/littlegreenplanet.nl\/en\/product\/kaart-er-is-er-een-jarig-printable\/\" \/>\n<meta property=\"og:locale\" content=\"en_US\" \/>\n<meta property=\"og:type\" content=\"article\" \/>\n<meta property=\"og:title\" content=\"Kaart - Er is er \u00e9\u00e9n jarig - Printable - Little green planet\" \/>\n<meta property=\"og:description\" content=\"Kaart - Er is er \u00e9\u00e9n jarig - Printable. Er is er \u00e9\u00e9n jarig kaart. Zwart-wit kaart. Printable verjaardagskaart. Enkele kaart en gevouwen kaart. Traktatie kaart.\" \/>\n<meta property=\"og:url\" content=\"https:\/\/littlegreenplanet.nl\/en\/product\/kaart-er-is-er-een-jarig-printable\/\" \/>\n<meta property=\"og:site_name\" content=\"Little green planet\" \/>\n<meta property=\"article:publisher\" content=\"https:\/\/www.facebook.com\/Little-green-planet-107076250995532\/\" \/>\n<meta property=\"article:modified_time\" content=\"2026-01-01T11:17:09+00:00\" \/>\n<meta property=\"og:image\" content=\"https:\/\/littlegreenplanet.nl\/wp-content\/uploads\/2024\/01\/Kaart-Er-is-er-een-jarig-hoera-hoera-printable-2.jpg\" \/>\n\t<meta property=\"og:image:width\" content=\"1024\" \/>\n\t<meta property=\"og:image:height\" content=\"1024\" \/>\n\t<meta property=\"og:image:type\" content=\"image\/jpeg\" \/>\n<meta name=\"twitter:card\" content=\"summary_large_image\" \/>\n<meta name=\"twitter:label1\" content=\"Est. reading time\" \/>\n\t<meta name=\"twitter:data1\" content=\"1 minute\" \/>\n<script type=\"application\/ld+json\" class=\"yoast-schema-graph\">{\"@context\":\"https:\\\/\\\/schema.org\",\"@graph\":[{\"@type\":\"WebPage\",\"@id\":\"https:\\\/\\\/littlegreenplanet.nl\\\/product\\\/kaart-er-is-er-een-jarig-printable\\\/\",\"url\":\"https:\\\/\\\/littlegreenplanet.nl\\\/product\\\/kaart-er-is-er-een-jarig-printable\\\/\",\"name\":\"Kaart - Er is er \u00e9\u00e9n jarig - Printable - Little green planet\",\"isPartOf\":{\"@id\":\"https:\\\/\\\/littlegreenplanet.nl\\\/#website\"},\"primaryImageOfPage\":{\"@id\":\"https:\\\/\\\/littlegreenplanet.nl\\\/product\\\/kaart-er-is-er-een-jarig-printable\\\/#primaryimage\"},\"image\":{\"@id\":\"https:\\\/\\\/littlegreenplanet.nl\\\/product\\\/kaart-er-is-er-een-jarig-printable\\\/#primaryimage\"},\"thumbnailUrl\":\"https:\\\/\\\/littlegreenplanet.nl\\\/wp-content\\\/uploads\\\/2024\\\/01\\\/Kaart-Er-is-er-een-jarig-hoera-hoera-printable-2.jpg\",\"datePublished\":\"2024-01-29T12:35:40+00:00\",\"dateModified\":\"2026-01-01T11:17:09+00:00\",\"description\":\"Kaart - Er is er \u00e9\u00e9n jarig - Printable. Er is er \u00e9\u00e9n jarig kaart. Zwart-wit kaart. Printable verjaardagskaart. Enkele kaart en gevouwen kaart. Traktatie kaart.\",\"breadcrumb\":{\"@id\":\"https:\\\/\\\/littlegreenplanet.nl\\\/product\\\/kaart-er-is-er-een-jarig-printable\\\/#breadcrumb\"},\"inLanguage\":\"en-US\",\"potentialAction\":[{\"@type\":\"ReadAction\",\"target\":[\"https:\\\/\\\/littlegreenplanet.nl\\\/product\\\/kaart-er-is-er-een-jarig-printable\\\/\"]}]},{\"@type\":\"ImageObject\",\"inLanguage\":\"en-US\",\"@id\":\"https:\\\/\\\/littlegreenplanet.nl\\\/product\\\/kaart-er-is-er-een-jarig-printable\\\/#primaryimage\",\"url\":\"https:\\\/\\\/littlegreenplanet.nl\\\/wp-content\\\/uploads\\\/2024\\\/01\\\/Kaart-Er-is-er-een-jarig-hoera-hoera-printable-2.jpg\",\"contentUrl\":\"https:\\\/\\\/littlegreenplanet.nl\\\/wp-content\\\/uploads\\\/2024\\\/01\\\/Kaart-Er-is-er-een-jarig-hoera-hoera-printable-2.jpg\",\"width\":1024,\"height\":1024,\"caption\":\"Kaart - Er is er \u00e9\u00e9n jarig - Printable. Er is er \u00e9\u00e9n jarig kaart. Zwart-wit kaart. Printable verjaardagskaart. Enkele kaart en gevouwen kaart. Traktatie kaart.\"},{\"@type\":\"BreadcrumbList\",\"@id\":\"https:\\\/\\\/littlegreenplanet.nl\\\/product\\\/kaart-er-is-er-een-jarig-printable\\\/#breadcrumb\",\"itemListElement\":[{\"@type\":\"ListItem\",\"position\":1,\"name\":\"Home\",\"item\":\"https:\\\/\\\/littlegreenplanet.nl\\\/\"},{\"@type\":\"ListItem\",\"position\":2,\"name\":\"Winkel\",\"item\":\"http:\\\/\\\/www.littlegreenplanet.nl.transurl.nl\\\/winkel\\\/\"},{\"@type\":\"ListItem\",\"position\":3,\"name\":\"Kaart &#8211; Er is er \u00e9\u00e9n jarig &#8211; Printable\"}]},{\"@type\":\"WebSite\",\"@id\":\"https:\\\/\\\/littlegreenplanet.nl\\\/#website\",\"url\":\"https:\\\/\\\/littlegreenplanet.nl\\\/\",\"name\":\"Little green planet\",\"description\":\"Bijzondere, vrolijke en duurzame producten voor de hele familie!\",\"potentialAction\":[{\"@type\":\"SearchAction\",\"target\":{\"@type\":\"EntryPoint\",\"urlTemplate\":\"https:\\\/\\\/littlegreenplanet.nl\\\/?s={search_term_string}\"},\"query-input\":{\"@type\":\"PropertyValueSpecification\",\"valueRequired\":true,\"valueName\":\"search_term_string\"}}],\"inLanguage\":\"en-US\"}]}<\/script>\n<!-- \/ Yoast SEO plugin. -->","yoast_head_json":{"title":"Kaart - Er is er \u00e9\u00e9n jarig - Printable - Little green planet","description":"Kaart - Er is er \u00e9\u00e9n jarig - Printable. Er is er \u00e9\u00e9n jarig kaart. Zwart-wit kaart. Printable verjaardagskaart. Enkele kaart en gevouwen kaart. Traktatie kaart.","robots":{"index":"index","follow":"follow","max-snippet":"max-snippet:-1","max-image-preview":"max-image-preview:large","max-video-preview":"max-video-preview:-1"},"canonical":"https:\/\/littlegreenplanet.nl\/en\/product\/kaart-er-is-er-een-jarig-printable\/","og_locale":"en_US","og_type":"article","og_title":"Kaart - Er is er \u00e9\u00e9n jarig - Printable - Little green planet","og_description":"Kaart - Er is er \u00e9\u00e9n jarig - Printable. Er is er \u00e9\u00e9n jarig kaart. Zwart-wit kaart. Printable verjaardagskaart. Enkele kaart en gevouwen kaart. Traktatie kaart.","og_url":"https:\/\/littlegreenplanet.nl\/en\/product\/kaart-er-is-er-een-jarig-printable\/","og_site_name":"Little green planet","article_publisher":"https:\/\/www.facebook.com\/Little-green-planet-107076250995532\/","article_modified_time":"2026-01-01T11:17:09+00:00","og_image":[{"width":1024,"height":1024,"url":"https:\/\/littlegreenplanet.nl\/wp-content\/uploads\/2024\/01\/Kaart-Er-is-er-een-jarig-hoera-hoera-printable-2.jpg","type":"image\/jpeg"}],"twitter_card":"summary_large_image","twitter_misc":{"Est. reading time":"1 minute"},"schema":{"@context":"https:\/\/schema.org","@graph":[{"@type":"WebPage","@id":"https:\/\/littlegreenplanet.nl\/product\/kaart-er-is-er-een-jarig-printable\/","url":"https:\/\/littlegreenplanet.nl\/product\/kaart-er-is-er-een-jarig-printable\/","name":"Kaart - Er is er \u00e9\u00e9n jarig - Printable - Little green planet","isPartOf":{"@id":"https:\/\/littlegreenplanet.nl\/#website"},"primaryImageOfPage":{"@id":"https:\/\/littlegreenplanet.nl\/product\/kaart-er-is-er-een-jarig-printable\/#primaryimage"},"image":{"@id":"https:\/\/littlegreenplanet.nl\/product\/kaart-er-is-er-een-jarig-printable\/#primaryimage"},"thumbnailUrl":"https:\/\/littlegreenplanet.nl\/wp-content\/uploads\/2024\/01\/Kaart-Er-is-er-een-jarig-hoera-hoera-printable-2.jpg","datePublished":"2024-01-29T12:35:40+00:00","dateModified":"2026-01-01T11:17:09+00:00","description":"Kaart - Er is er \u00e9\u00e9n jarig - Printable. Er is er \u00e9\u00e9n jarig kaart. Zwart-wit kaart. Printable verjaardagskaart. Enkele kaart en gevouwen kaart. Traktatie kaart.","breadcrumb":{"@id":"https:\/\/littlegreenplanet.nl\/product\/kaart-er-is-er-een-jarig-printable\/#breadcrumb"},"inLanguage":"en-US","potentialAction":[{"@type":"ReadAction","target":["https:\/\/littlegreenplanet.nl\/product\/kaart-er-is-er-een-jarig-printable\/"]}]},{"@type":"ImageObject","inLanguage":"en-US","@id":"https:\/\/littlegreenplanet.nl\/product\/kaart-er-is-er-een-jarig-printable\/#primaryimage","url":"https:\/\/littlegreenplanet.nl\/wp-content\/uploads\/2024\/01\/Kaart-Er-is-er-een-jarig-hoera-hoera-printable-2.jpg","contentUrl":"https:\/\/littlegreenplanet.nl\/wp-content\/uploads\/2024\/01\/Kaart-Er-is-er-een-jarig-hoera-hoera-printable-2.jpg","width":1024,"height":1024,"caption":"Kaart - Er is er \u00e9\u00e9n jarig - Printable. Er is er \u00e9\u00e9n jarig kaart. Zwart-wit kaart. Printable verjaardagskaart. Enkele kaart en gevouwen kaart. Traktatie kaart."},{"@type":"BreadcrumbList","@id":"https:\/\/littlegreenplanet.nl\/product\/kaart-er-is-er-een-jarig-printable\/#breadcrumb","itemListElement":[{"@type":"ListItem","position":1,"name":"Home","item":"https:\/\/littlegreenplanet.nl\/"},{"@type":"ListItem","position":2,"name":"Winkel","item":"http:\/\/www.littlegreenplanet.nl.transurl.nl\/winkel\/"},{"@type":"ListItem","position":3,"name":"Kaart &#8211; Er is er \u00e9\u00e9n jarig &#8211; Printable"}]},{"@type":"WebSite","@id":"https:\/\/littlegreenplanet.nl\/#website","url":"https:\/\/littlegreenplanet.nl\/","name":"Little green planet","description":"Bijzondere, vrolijke en duurzame producten voor de hele familie!","potentialAction":[{"@type":"SearchAction","target":{"@type":"EntryPoint","urlTemplate":"https:\/\/littlegreenplanet.nl\/?s={search_term_string}"},"query-input":{"@type":"PropertyValueSpecification","valueRequired":true,"valueName":"search_term_string"}}],"inLanguage":"en-US"}]}},"_links":{"self":[{"href":"https:\/\/littlegreenplanet.nl\/en\/wp-json\/wp\/v2\/product\/6580","targetHints":{"allow":["GET"]}}],"collection":[{"href":"https:\/\/littlegreenplanet.nl\/en\/wp-json\/wp\/v2\/product"}],"about":[{"href":"https:\/\/littlegreenplanet.nl\/en\/wp-json\/wp\/v2\/types\/product"}],"replies":[{"embeddable":true,"href":"https:\/\/littlegreenplanet.nl\/en\/wp-json\/wp\/v2\/comments?post=6580"}],"wp:featuredmedia":[{"embeddable":true,"href":"https:\/\/littlegreenplanet.nl\/en\/wp-json\/wp\/v2\/media\/6581"}],"wp:attachment":[{"href":"https:\/\/littlegreenplanet.nl\/en\/wp-json\/wp\/v2\/media?parent=6580"}],"wp:term":[{"taxonomy":"product_brand","embeddable":true,"href":"https:\/\/littlegreenplanet.nl\/en\/wp-json\/wp\/v2\/product_brand?post=6580"},{"taxonomy":"product_cat","embeddable":true,"href":"https:\/\/littlegreenplanet.nl\/en\/wp-json\/wp\/v2\/product_cat?post=6580"},{"taxonomy":"product_tag","embeddable":true,"href":"https:\/\/littlegreenplanet.nl\/en\/wp-json\/wp\/v2\/product_tag?post=6580"}],"curies":[{"name":"wp","href":"https:\/\/api.w.org\/{rel}","templated":true}]}}